{"id":444,"date":"2021-06-11T13:42:21","date_gmt":"2021-06-11T16:42:21","guid":{"rendered":"https:\/\/www.artifices.com.br\/sapo\/?page_id=444"},"modified":"2023-09-19T21:36:05","modified_gmt":"2023-09-20T00:36:05","slug":"servicos","status":"publish","type":"page","link":"https:\/\/www.sapo.com.br\/index.php\/servicos\/","title":{"rendered":"Servi\u00e7os"},"content":{"rendered":"\t\t<div data-elementor-type=\"wp-page\" data-elementor-id=\"444\" class=\"elementor elementor-444\" data-elementor-post-type=\"page\">\n\t\t\t\t\t\t<section class=\"elementor-section elementor-top-section elementor-element elementor-element-280ac3cd elementor-section-content-middle elementor-section-boxed elementor-section-height-default elementor-section-height-default\" data-id=\"280ac3cd\" data-element_type=\"section\" data-e-type=\"section\">\n\t\t\t\t\t\t<div class=\"elementor-container elementor-column-gap-no\">\n\t\t\t\t\t<div class=\"elementor-column elementor-col-100 elementor-top-column elementor-element elementor-element-416577c7\" data-id=\"416577c7\" data-element_type=\"column\" data-e-type=\"column\">\n\t\t\t<div class=\"elementor-widget-wrap elementor-element-populated\">\n\t\t\t\t\t\t<div class=\"elementor-element elementor-element-1072ae51 elementor-widget elementor-widget-heading\" data-id=\"1072ae51\" data-element_type=\"widget\" data-e-type=\"widget\" data-widget_type=\"heading.default\">\n\t\t\t\t<div class=\"elementor-widget-container\">\n\t\t\t\t\t<h4 class=\"elementor-heading-title elementor-size-default\">Conhe\u00e7a os nossos servi\u00e7os<\/h4>\t\t\t\t<\/div>\n\t\t\t\t<\/div>\n\t\t\t\t\t<\/div>\n\t\t<\/div>\n\t\t\t\t\t<\/div>\n\t\t<\/section>\n\t\t\t\t<section class=\"elementor-section elementor-top-section elementor-element elementor-element-87fa9a4 elementor-section-boxed elementor-section-height-default elementor-section-height-default\" data-id=\"87fa9a4\" data-element_type=\"section\" data-e-type=\"section\">\n\t\t\t\t\t\t<div class=\"elementor-container elementor-column-gap-default\">\n\t\t\t\t\t<div class=\"elementor-column elementor-col-100 elementor-top-column elementor-element elementor-element-9a6530c\" data-id=\"9a6530c\" data-element_type=\"column\" data-e-type=\"column\">\n\t\t\t<div class=\"elementor-widget-wrap elementor-element-populated\">\n\t\t\t\t\t\t<section class=\"elementor-section elementor-inner-section elementor-element elementor-element-c904b64 elementor-section-boxed elementor-section-height-default elementor-section-height-default\" data-id=\"c904b64\" data-element_type=\"section\" data-e-type=\"section\">\n\t\t\t\t\t\t<div class=\"elementor-container elementor-column-gap-default\">\n\t\t\t\t\t<div class=\"elementor-column elementor-col-20 elementor-inner-column elementor-element elementor-element-3ca1db0\" data-id=\"3ca1db0\" data-element_type=\"column\" data-e-type=\"column\">\n\t\t\t<div class=\"elementor-widget-wrap elementor-element-populated\">\n\t\t\t\t\t\t<div class=\"elementor-element elementor-element-a7a18aa elementor-position-top elementor-widget elementor-widget-image-box\" data-id=\"a7a18aa\" data-element_type=\"widget\" data-e-type=\"widget\" data-widget_type=\"image-box.default\">\n\t\t\t\t<div class=\"elementor-widget-container\">\n\t\t\t\t\t<div class=\"elementor-image-box-wrapper\"><figure class=\"elementor-image-box-img\"><a href=\"https:\/\/www.sapo.com.br\/index.php\/controle_vetores_pragas\/\" tabindex=\"-1\"><img fetchpriority=\"high\" decoding=\"async\" width=\"467\" height=\"508\" src=\"https:\/\/i0.wp.com\/www.sapo.com.br\/wp-content\/uploads\/2021\/06\/Icones_Controle_Pragas-1.png?fit=467%2C508&amp;ssl=1\" class=\"elementor-animation-pop attachment-medium_large size-medium_large wp-image-332\" alt=\"\" srcset=\"https:\/\/i0.wp.com\/www.sapo.com.br\/wp-content\/uploads\/2021\/06\/Icones_Controle_Pragas-1.png?w=467&amp;ssl=1 467w, https:\/\/i0.wp.com\/www.sapo.com.br\/wp-content\/uploads\/2021\/06\/Icones_Controle_Pragas-1.png?resize=276%2C300&amp;ssl=1 276w\" sizes=\"(max-width: 467px) 100vw, 467px\" \/><\/a><\/figure><div class=\"elementor-image-box-content\"><h3 class=\"elementor-image-box-title\"><a href=\"https:\/\/www.sapo.com.br\/index.php\/controle_vetores_pragas\/\">Controle de Vetores e  Pragas urbanas<\/a><\/h3><\/div><\/div>\t\t\t\t<\/div>\n\t\t\t\t<\/div>\n\t\t\t\t\t<\/div>\n\t\t<\/div>\n\t\t\t\t<div class=\"elementor-column elementor-col-20 elementor-inner-column elementor-element elementor-element-efe516e\" data-id=\"efe516e\" data-element_type=\"column\" data-e-type=\"column\">\n\t\t\t<div class=\"elementor-widget-wrap elementor-element-populated\">\n\t\t\t\t\t\t<div class=\"elementor-element elementor-element-6aef984 elementor-position-top elementor-widget elementor-widget-image-box\" data-id=\"6aef984\" data-element_type=\"widget\" data-e-type=\"widget\" data-widget_type=\"image-box.default\">\n\t\t\t\t<div class=\"elementor-widget-container\">\n\t\t\t\t\t<div class=\"elementor-image-box-wrapper\"><figure class=\"elementor-image-box-img\"><a href=\"https:\/\/www.sapo.com.br\/index.php\/manutencao-de-areas-verdes\/\" tabindex=\"-1\"><img decoding=\"async\" width=\"224\" height=\"244\" src=\"https:\/\/i0.wp.com\/www.sapo.com.br\/wp-content\/uploads\/2021\/07\/Icones_Grama3.webp?fit=224%2C244&amp;ssl=1\" class=\"elementor-animation-pop attachment-medium_large size-medium_large wp-image-1257\" alt=\"\" \/><\/a><\/figure><div class=\"elementor-image-box-content\"><h3 class=\"elementor-image-box-title\"><a href=\"https:\/\/www.sapo.com.br\/index.php\/manutencao-de-areas-verdes\/\">Manuten\u00e7\u00e3o de \u00e1reas verdes<\/a><\/h3><\/div><\/div>\t\t\t\t<\/div>\n\t\t\t\t<\/div>\n\t\t\t\t\t<\/div>\n\t\t<\/div>\n\t\t\t\t<div class=\"elementor-column elementor-col-20 elementor-inner-column elementor-element elementor-element-088f191\" data-id=\"088f191\" data-element_type=\"column\" data-e-type=\"column\">\n\t\t\t<div class=\"elementor-widget-wrap elementor-element-populated\">\n\t\t\t\t\t\t<div class=\"elementor-element elementor-element-ddbd7d7 elementor-position-top elementor-widget elementor-widget-image-box\" data-id=\"ddbd7d7\" data-element_type=\"widget\" data-e-type=\"widget\" data-widget_type=\"image-box.default\">\n\t\t\t\t<div class=\"elementor-widget-container\">\n\t\t\t\t\t<div class=\"elementor-image-box-wrapper\"><figure class=\"elementor-image-box-img\"><a href=\"https:\/\/www.sapo.com.br\/index.php\/limpeza-e-higienizacao-de-reservatorios-de-agua\/\" tabindex=\"-1\"><img decoding=\"async\" width=\"224\" height=\"244\" src=\"https:\/\/i0.wp.com\/www.sapo.com.br\/wp-content\/uploads\/2021\/06\/Icones_Limpeza.png?fit=224%2C244&amp;ssl=1\" class=\"elementor-animation-pop attachment-large size-large wp-image-193\" alt=\"\" \/><\/a><\/figure><div class=\"elementor-image-box-content\"><h3 class=\"elementor-image-box-title\"><a href=\"https:\/\/www.sapo.com.br\/index.php\/limpeza-e-higienizacao-de-reservatorios-de-agua\/\">Limpeza e Higieniza\u00e7\u00e3o de Reservat\u00f3rios de \u00e1gua<\/a><\/h3><\/div><\/div>\t\t\t\t<\/div>\n\t\t\t\t<\/div>\n\t\t\t\t\t<\/div>\n\t\t<\/div>\n\t\t\t\t<div class=\"elementor-column elementor-col-20 elementor-inner-column elementor-element elementor-element-214f0be\" data-id=\"214f0be\" data-element_type=\"column\" data-e-type=\"column\">\n\t\t\t<div class=\"elementor-widget-wrap elementor-element-populated\">\n\t\t\t\t\t\t<div class=\"elementor-element elementor-element-eb6d582 elementor-position-top elementor-widget elementor-widget-image-box\" data-id=\"eb6d582\" data-element_type=\"widget\" data-e-type=\"widget\" data-widget_type=\"image-box.default\">\n\t\t\t\t<div class=\"elementor-widget-container\">\n\t\t\t\t\t<div class=\"elementor-image-box-wrapper\"><figure class=\"elementor-image-box-img\"><a href=\"https:\/\/www.sapo.com.br\/index.php\/locacao-e-manutencao-de-equipamentos\/\" tabindex=\"-1\"><img loading=\"lazy\" decoding=\"async\" width=\"224\" height=\"244\" src=\"https:\/\/i0.wp.com\/www.sapo.com.br\/wp-content\/uploads\/2021\/06\/Icones_Loca.png?fit=224%2C244&amp;ssl=1\" class=\"elementor-animation-pop attachment-large size-large wp-image-194\" alt=\"\" \/><\/a><\/figure><div class=\"elementor-image-box-content\"><h3 class=\"elementor-image-box-title\"><a href=\"https:\/\/www.sapo.com.br\/index.php\/locacao-e-manutencao-de-equipamentos\/\">Loca\u00e7\u00e3o e Manuten\u00e7\u00e3o de Equipamentos<\/a><\/h3><\/div><\/div>\t\t\t\t<\/div>\n\t\t\t\t<\/div>\n\t\t\t\t\t<\/div>\n\t\t<\/div>\n\t\t\t\t<div class=\"elementor-column elementor-col-20 elementor-inner-column elementor-element elementor-element-4bc7b30\" data-id=\"4bc7b30\" data-element_type=\"column\" data-e-type=\"column\">\n\t\t\t<div class=\"elementor-widget-wrap elementor-element-populated\">\n\t\t\t\t\t\t<div class=\"elementor-element elementor-element-dd7702f elementor-position-top elementor-widget elementor-widget-image-box\" data-id=\"dd7702f\" data-element_type=\"widget\" data-e-type=\"widget\" data-widget_type=\"image-box.default\">\n\t\t\t\t<div class=\"elementor-widget-container\">\n\t\t\t\t\t<div class=\"elementor-image-box-wrapper\"><figure class=\"elementor-image-box-img\"><a href=\"https:\/\/www.sapo.com.br\/index.php\/2021\/07\/15\/desinfeccao-covid\/\" tabindex=\"-1\"><img loading=\"lazy\" decoding=\"async\" width=\"224\" height=\"244\" src=\"https:\/\/i0.wp.com\/www.sapo.com.br\/wp-content\/uploads\/2021\/06\/Icones_Desinfeccao.png?fit=224%2C244&amp;ssl=1\" class=\"elementor-animation-pop attachment-large size-large wp-image-334\" alt=\"\" \/><\/a><\/figure><div class=\"elementor-image-box-content\"><h3 class=\"elementor-image-box-title\"><a href=\"https:\/\/www.sapo.com.br\/index.php\/2021\/07\/15\/desinfeccao-covid\/\">Desinfec\u00e7\u00e3o de Ambientes<\/a><\/h3><\/div><\/div>\t\t\t\t<\/div>\n\t\t\t\t<\/div>\n\t\t\t\t\t<\/div>\n\t\t<\/div>\n\t\t\t\t\t<\/div>\n\t\t<\/section>\n\t\t\t\t\t<\/div>\n\t\t<\/div>\n\t\t\t\t\t<\/div>\n\t\t<\/section>\n\t\t\t\t<section class=\"elementor-section elementor-top-section elementor-element elementor-element-1ec5b7d1 elementor-section-content-middle elementor-section-boxed elementor-section-height-default elementor-section-height-default\" data-id=\"1ec5b7d1\" data-element_type=\"section\" data-e-type=\"section\">\n\t\t\t\t\t\t<div class=\"elementor-container elementor-column-gap-no\">\n\t\t\t\t\t<div class=\"elementor-column elementor-col-100 elementor-top-column elementor-element elementor-element-5b5cc5b8\" data-id=\"5b5cc5b8\" data-element_type=\"column\" data-e-type=\"column\">\n\t\t\t<div class=\"elementor-widget-wrap elementor-element-populated\">\n\t\t\t\t\t\t<div class=\"elementor-element elementor-element-4f0c5d39 elementor-widget elementor-widget-heading\" data-id=\"4f0c5d39\" data-element_type=\"widget\" data-e-type=\"widget\" data-widget_type=\"heading.default\">\n\t\t\t\t<div class=\"elementor-widget-container\">\n\t\t\t\t\t<h4 class=\"elementor-heading-title elementor-size-default\">Como podemos ajudar?<\/h4>\t\t\t\t<\/div>\n\t\t\t\t<\/div>\n\t\t\t\t<div class=\"elementor-element elementor-element-9b0ce51 elementor-button-align-end elementor-mobile-button-align-center elementor-widget elementor-widget-form\" data-id=\"9b0ce51\" data-element_type=\"widget\" data-e-type=\"widget\" data-settings=\"{&quot;step_next_label&quot;:&quot;Next&quot;,&quot;step_previous_label&quot;:&quot;Previous&quot;,&quot;button_width&quot;:&quot;100&quot;,&quot;step_type&quot;:&quot;number_text&quot;,&quot;step_icon_shape&quot;:&quot;circle&quot;}\" data-widget_type=\"form.default\">\n\t\t\t\t<div class=\"elementor-widget-container\">\n\t\t\t\t\t\t\t<form class=\"elementor-form\" method=\"post\" name=\"New Form\">\n\t\t\t<input type=\"hidden\" name=\"post_id\" value=\"444\"\/>\n\t\t\t<input type=\"hidden\" name=\"form_id\" value=\"9b0ce51\"\/>\n\t\t\t<input type=\"hidden\" name=\"referer_title\" value=\"Servi\u00e7os - SAPO\" \/>\n\n\t\t\t\t\t\t\t<input type=\"hidden\" name=\"queried_id\" value=\"444\"\/>\n\t\t\t\n\t\t\t<div class=\"elementor-form-fields-wrapper elementor-labels-above\">\n\t\t\t\t\t\t\t\t<div class=\"elementor-field-type-text elementor-field-group elementor-column elementor-field-group-name elementor-col-50\">\n\t\t\t\t\t\t\t\t\t\t\t\t<label for=\"form-field-name\" class=\"elementor-field-label\">\n\t\t\t\t\t\t\t\tNome\t\t\t\t\t\t\t<\/label>\n\t\t\t\t\t\t\t\t\t\t\t\t\t\t<input size=\"1\" type=\"text\" name=\"form_fields[name]\" id=\"form-field-name\" class=\"elementor-field elementor-size-sm  elementor-field-textual\" placeholder=\"Nome\">\n\t\t\t\t\t\t\t\t\t\t\t<\/div>\n\t\t\t\t\t\t\t\t<div class=\"elementor-field-type-email elementor-field-group elementor-column elementor-field-group-email elementor-col-50 elementor-field-required\">\n\t\t\t\t\t\t\t\t\t\t\t\t<label for=\"form-field-email\" class=\"elementor-field-label\">\n\t\t\t\t\t\t\t\tE-MAIL\t\t\t\t\t\t\t<\/label>\n\t\t\t\t\t\t\t\t\t\t\t\t\t\t<input size=\"1\" type=\"email\" name=\"form_fields[email]\" id=\"form-field-email\" class=\"elementor-field elementor-size-sm  elementor-field-textual\" placeholder=\"Seu email\" required=\"required\">\n\t\t\t\t\t\t\t\t\t\t\t<\/div>\n\t\t\t\t\t\t\t\t<div class=\"elementor-field-type-upload elementor-field-group elementor-column elementor-field-group-04fbb9f elementor-col-25\">\n\t\t\t\t\t\t\t\t\t\t\t\t<label for=\"form-field-04fbb9f\" class=\"elementor-field-label\">\n\t\t\t\t\t\t\t\tArquivo\t\t\t\t\t\t\t<\/label>\n\t\t\t\t\t\t\t\t<input type=\"file\" name=\"form_fields[04fbb9f]\" id=\"form-field-04fbb9f\" class=\"elementor-field elementor-size-sm  elementor-upload-field\">\n\n\t\t\t\t\t\t<\/div>\n\t\t\t\t\t\t\t\t<div class=\"elementor-field-type-select elementor-field-group elementor-column elementor-field-group-b9cd3c3 elementor-col-25 elementor-field-required\">\n\t\t\t\t\t\t\t\t\t\t\t\t<label for=\"form-field-b9cd3c3\" class=\"elementor-field-label\">\n\t\t\t\t\t\t\t\tServi\u00e7o\t\t\t\t\t\t\t<\/label>\n\t\t\t\t\t\t\t\t<div class=\"elementor-field elementor-select-wrapper remove-before \">\n\t\t\t<div class=\"select-caret-down-wrapper\">\n\t\t\t\t<svg aria-hidden=\"true\" class=\"e-font-icon-svg e-eicon-caret-down\" viewBox=\"0 0 571.4 571.4\" xmlns=\"http:\/\/www.w3.org\/2000\/svg\"><path d=\"M571 393Q571 407 561 418L311 668Q300 679 286 679T261 668L11 418Q0 407 0 393T11 368 36 357H536Q550 357 561 368T571 393Z\"><\/path><\/svg>\t\t\t<\/div>\n\t\t\t<select name=\"form_fields[b9cd3c3]\" id=\"form-field-b9cd3c3\" class=\"elementor-field-textual elementor-size-sm\" required=\"required\">\n\t\t\t\t\t\t\t\t\t<option value=\"Controle de Pragas\">Controle de Pragas<\/option>\n\t\t\t\t\t\t\t\t\t<option value=\"Manuten\u00e7\u00e3o de \u00e1reas verdes\">Manuten\u00e7\u00e3o de \u00e1reas verdes<\/option>\n\t\t\t\t\t\t\t\t\t<option value=\"Loca\u00e7\u00e3o de equipamentos\">Loca\u00e7\u00e3o de equipamentos<\/option>\n\t\t\t\t\t\t\t\t\t<option value=\"Desinfec\u00e7\u00e3o de Ambientes\">Desinfec\u00e7\u00e3o de Ambientes<\/option>\n\t\t\t\t\t\t\t\t\t<option value=\"Limpeza de reservat\u00f3rios\">Limpeza de reservat\u00f3rios<\/option>\n\t\t\t\t\t\t\t<\/select>\n\t\t<\/div>\n\t\t\t\t\t\t<\/div>\n\t\t\t\t\t\t\t\t<div class=\"elementor-field-type-text elementor-field-group elementor-column elementor-field-group-5fc6f08 elementor-col-50 elementor-field-required\">\n\t\t\t\t\t\t\t\t\t\t\t\t<label for=\"form-field-5fc6f08\" class=\"elementor-field-label\">\n\t\t\t\t\t\t\t\tTel. \/ Whatsapp\t\t\t\t\t\t\t<\/label>\n\t\t\t\t\t\t\t\t\t\t\t\t\t\t<input size=\"1\" type=\"text\" name=\"form_fields[5fc6f08]\" id=\"form-field-5fc6f08\" class=\"elementor-field elementor-size-sm  elementor-field-textual\" required=\"required\">\n\t\t\t\t\t\t\t\t\t\t\t<\/div>\n\t\t\t\t\t\t\t\t<div class=\"elementor-field-type-textarea elementor-field-group elementor-column elementor-field-group-6ed25c0 elementor-col-100\">\n\t\t\t\t\t\t\t\t\t\t\t\t<label for=\"form-field-6ed25c0\" class=\"elementor-field-label\">\n\t\t\t\t\t\t\t\tMensagem\t\t\t\t\t\t\t<\/label>\n\t\t\t\t\t\t<textarea class=\"elementor-field-textual elementor-field  elementor-size-sm\" name=\"form_fields[6ed25c0]\" id=\"form-field-6ed25c0\" rows=\"4\" placeholder=\"Sua mensagem\"><\/textarea>\t\t\t\t<\/div>\n\t\t\t\t\t\t\t\t<div class=\"elementor-field-type-recaptcha_v3 elementor-field-group elementor-column elementor-field-group-field_4d48743 elementor-col-100 recaptcha_v3-inline\">\n\t\t\t\t\t<div class=\"elementor-field\" id=\"form-field-field_4d48743\"><div class=\"elementor-g-recaptcha\" data-sitekey=\"6LeFI-4bAAAAAHLhpL9lAKlkOfDYS7Sp8p_P5d5B\" data-type=\"v3\" data-action=\"Form\" data-badge=\"inline\" data-size=\"invisible\"><\/div><\/div>\t\t\t\t<\/div>\n\t\t\t\t\t\t\t\t<div class=\"elementor-field-group elementor-column elementor-field-type-submit elementor-col-100 e-form__buttons\">\n\t\t\t\t\t<button class=\"elementor-button elementor-size-md\" type=\"submit\">\n\t\t\t\t\t\t<span class=\"elementor-button-content-wrapper\">\n\t\t\t\t\t\t\t\t\t\t\t\t\t\t\t\t\t\t\t\t\t\t<span class=\"elementor-button-text\">Enviar<\/span>\n\t\t\t\t\t\t\t\t\t\t\t\t\t<\/span>\n\t\t\t\t\t<\/button>\n\t\t\t\t<\/div>\n\t\t\t<\/div>\n\t\t<\/form>\n\t\t\t\t\t\t<\/div>\n\t\t\t\t<\/div>\n\t\t\t\t\t<\/div>\n\t\t<\/div>\n\t\t\t\t\t<\/div>\n\t\t<\/section>\n\t\t\t\t<\/div>\n\t\t","protected":false},"excerpt":{"rendered":"<p>Conhe\u00e7a os nossos servi\u00e7os Controle de Vetores e Pragas urbanas Manuten\u00e7\u00e3o de \u00e1reas verdes Limpeza e Higieniza\u00e7\u00e3o de Reservat\u00f3rios de \u00e1gua Loca\u00e7\u00e3o e Manuten\u00e7\u00e3o de Equipamentos Desinfec\u00e7\u00e3o de Ambientes Como podemos ajudar?<\/p>\n","protected":false},"author":1,"featured_media":0,"parent":0,"menu_order":0,"comment_status":"closed","ping_status":"closed","template":"","meta":{"footnotes":""},"class_list":["post-444","page","type-page","status-publish","hentry"],"yoast_head":"<!-- This site is optimized with the Yoast SEO plugin v27.5 - https:\/\/yoast.com\/product\/yoast-seo-wordpress\/ -->\n<title>Servi\u00e7os - SAPO<\/title>\n<meta name=\"robots\" content=\"index, follow, max-snippet:-1, max-image-preview:large, max-video-preview:-1\" \/>\n<link rel=\"canonical\" href=\"https:\/\/www.sapo.com.br\/index.php\/servicos\/\" \/>\n<meta property=\"og:locale\" content=\"pt_BR\" \/>\n<meta property=\"og:type\" content=\"article\" \/>\n<meta property=\"og:title\" content=\"Servi\u00e7os - SAPO\" \/>\n<meta property=\"og:description\" content=\"Conhe\u00e7a os nossos servi\u00e7os Controle de Vetores e Pragas urbanas Manuten\u00e7\u00e3o de \u00e1reas verdes Limpeza e Higieniza\u00e7\u00e3o de Reservat\u00f3rios de \u00e1gua Loca\u00e7\u00e3o e Manuten\u00e7\u00e3o de Equipamentos Desinfec\u00e7\u00e3o de Ambientes Como podemos ajudar?\" \/>\n<meta property=\"og:url\" content=\"https:\/\/www.sapo.com.br\/index.php\/servicos\/\" \/>\n<meta property=\"og:site_name\" content=\"SAPO\" \/>\n<meta property=\"article:modified_time\" content=\"2023-09-20T00:36:05+00:00\" \/>\n<meta property=\"og:image\" content=\"https:\/\/www.sapo.com.br\/wp-content\/uploads\/2021\/06\/Icones_Controle_Pragas-1.png\" \/>\n<meta name=\"twitter:card\" content=\"summary_large_image\" \/>\n<meta name=\"twitter:label1\" content=\"Est. tempo de leitura\" \/>\n\t<meta name=\"twitter:data1\" content=\"2 minutos\" \/>\n<script type=\"application\/ld+json\" class=\"yoast-schema-graph\">{\"@context\":\"https:\\\/\\\/schema.org\",\"@graph\":[{\"@type\":\"WebPage\",\"@id\":\"https:\\\/\\\/www.sapo.com.br\\\/index.php\\\/servicos\\\/\",\"url\":\"https:\\\/\\\/www.sapo.com.br\\\/index.php\\\/servicos\\\/\",\"name\":\"Servi\u00e7os - SAPO\",\"isPartOf\":{\"@id\":\"https:\\\/\\\/www.sapo.com.br\\\/#website\"},\"primaryImageOfPage\":{\"@id\":\"https:\\\/\\\/www.sapo.com.br\\\/index.php\\\/servicos\\\/#primaryimage\"},\"image\":{\"@id\":\"https:\\\/\\\/www.sapo.com.br\\\/index.php\\\/servicos\\\/#primaryimage\"},\"thumbnailUrl\":\"https:\\\/\\\/www.sapo.com.br\\\/wp-content\\\/uploads\\\/2021\\\/06\\\/Icones_Controle_Pragas-1.png\",\"datePublished\":\"2021-06-11T16:42:21+00:00\",\"dateModified\":\"2023-09-20T00:36:05+00:00\",\"breadcrumb\":{\"@id\":\"https:\\\/\\\/www.sapo.com.br\\\/index.php\\\/servicos\\\/#breadcrumb\"},\"inLanguage\":\"pt-BR\",\"potentialAction\":[{\"@type\":\"ReadAction\",\"target\":[\"https:\\\/\\\/www.sapo.com.br\\\/index.php\\\/servicos\\\/\"]}]},{\"@type\":\"ImageObject\",\"inLanguage\":\"pt-BR\",\"@id\":\"https:\\\/\\\/www.sapo.com.br\\\/index.php\\\/servicos\\\/#primaryimage\",\"url\":\"https:\\\/\\\/i0.wp.com\\\/www.sapo.com.br\\\/wp-content\\\/uploads\\\/2021\\\/06\\\/Icones_Controle_Pragas-1.png?fit=467%2C508&ssl=1\",\"contentUrl\":\"https:\\\/\\\/i0.wp.com\\\/www.sapo.com.br\\\/wp-content\\\/uploads\\\/2021\\\/06\\\/Icones_Controle_Pragas-1.png?fit=467%2C508&ssl=1\",\"width\":467,\"height\":508},{\"@type\":\"BreadcrumbList\",\"@id\":\"https:\\\/\\\/www.sapo.com.br\\\/index.php\\\/servicos\\\/#breadcrumb\",\"itemListElement\":[{\"@type\":\"ListItem\",\"position\":1,\"name\":\"In\u00edcio\",\"item\":\"https:\\\/\\\/www.sapo.com.br\\\/\"},{\"@type\":\"ListItem\",\"position\":2,\"name\":\"Servi\u00e7os\"}]},{\"@type\":\"WebSite\",\"@id\":\"https:\\\/\\\/www.sapo.com.br\\\/#website\",\"url\":\"https:\\\/\\\/www.sapo.com.br\\\/\",\"name\":\"SAPO\",\"description\":\"Saneamento Ambiental Projetos e Opera\u00e7\u00f5es Ltda.\",\"publisher\":{\"@id\":\"https:\\\/\\\/www.sapo.com.br\\\/#organization\"},\"potentialAction\":[{\"@type\":\"SearchAction\",\"target\":{\"@type\":\"EntryPoint\",\"urlTemplate\":\"https:\\\/\\\/www.sapo.com.br\\\/?s={search_term_string}\"},\"query-input\":{\"@type\":\"PropertyValueSpecification\",\"valueRequired\":true,\"valueName\":\"search_term_string\"}}],\"inLanguage\":\"pt-BR\"},{\"@type\":\"Organization\",\"@id\":\"https:\\\/\\\/www.sapo.com.br\\\/#organization\",\"name\":\"SAPO\",\"url\":\"https:\\\/\\\/www.sapo.com.br\\\/\",\"logo\":{\"@type\":\"ImageObject\",\"inLanguage\":\"pt-BR\",\"@id\":\"https:\\\/\\\/www.sapo.com.br\\\/#\\\/schema\\\/logo\\\/image\\\/\",\"url\":\"https:\\\/\\\/i0.wp.com\\\/www.sapo.com.br\\\/wp-content\\\/uploads\\\/2021\\\/06\\\/Logo_Sapo_Horizontal.png?fit=583%2C283&ssl=1\",\"contentUrl\":\"https:\\\/\\\/i0.wp.com\\\/www.sapo.com.br\\\/wp-content\\\/uploads\\\/2021\\\/06\\\/Logo_Sapo_Horizontal.png?fit=583%2C283&ssl=1\",\"width\":583,\"height\":283,\"caption\":\"SAPO\"},\"image\":{\"@id\":\"https:\\\/\\\/www.sapo.com.br\\\/#\\\/schema\\\/logo\\\/image\\\/\"}}]}<\/script>\n<!-- \/ Yoast SEO plugin. -->","yoast_head_json":{"title":"Servi\u00e7os - SAPO","robots":{"index":"index","follow":"follow","max-snippet":"max-snippet:-1","max-image-preview":"max-image-preview:large","max-video-preview":"max-video-preview:-1"},"canonical":"https:\/\/www.sapo.com.br\/index.php\/servicos\/","og_locale":"pt_BR","og_type":"article","og_title":"Servi\u00e7os - SAPO","og_description":"Conhe\u00e7a os nossos servi\u00e7os Controle de Vetores e Pragas urbanas Manuten\u00e7\u00e3o de \u00e1reas verdes Limpeza e Higieniza\u00e7\u00e3o de Reservat\u00f3rios de \u00e1gua Loca\u00e7\u00e3o e Manuten\u00e7\u00e3o de Equipamentos Desinfec\u00e7\u00e3o de Ambientes Como podemos ajudar?","og_url":"https:\/\/www.sapo.com.br\/index.php\/servicos\/","og_site_name":"SAPO","article_modified_time":"2023-09-20T00:36:05+00:00","og_image":[{"url":"https:\/\/www.sapo.com.br\/wp-content\/uploads\/2021\/06\/Icones_Controle_Pragas-1.png","type":"","width":"","height":""}],"twitter_card":"summary_large_image","twitter_misc":{"Est. tempo de leitura":"2 minutos"},"schema":{"@context":"https:\/\/schema.org","@graph":[{"@type":"WebPage","@id":"https:\/\/www.sapo.com.br\/index.php\/servicos\/","url":"https:\/\/www.sapo.com.br\/index.php\/servicos\/","name":"Servi\u00e7os - SAPO","isPartOf":{"@id":"https:\/\/www.sapo.com.br\/#website"},"primaryImageOfPage":{"@id":"https:\/\/www.sapo.com.br\/index.php\/servicos\/#primaryimage"},"image":{"@id":"https:\/\/www.sapo.com.br\/index.php\/servicos\/#primaryimage"},"thumbnailUrl":"https:\/\/www.sapo.com.br\/wp-content\/uploads\/2021\/06\/Icones_Controle_Pragas-1.png","datePublished":"2021-06-11T16:42:21+00:00","dateModified":"2023-09-20T00:36:05+00:00","breadcrumb":{"@id":"https:\/\/www.sapo.com.br\/index.php\/servicos\/#breadcrumb"},"inLanguage":"pt-BR","potentialAction":[{"@type":"ReadAction","target":["https:\/\/www.sapo.com.br\/index.php\/servicos\/"]}]},{"@type":"ImageObject","inLanguage":"pt-BR","@id":"https:\/\/www.sapo.com.br\/index.php\/servicos\/#primaryimage","url":"https:\/\/i0.wp.com\/www.sapo.com.br\/wp-content\/uploads\/2021\/06\/Icones_Controle_Pragas-1.png?fit=467%2C508&ssl=1","contentUrl":"https:\/\/i0.wp.com\/www.sapo.com.br\/wp-content\/uploads\/2021\/06\/Icones_Controle_Pragas-1.png?fit=467%2C508&ssl=1","width":467,"height":508},{"@type":"BreadcrumbList","@id":"https:\/\/www.sapo.com.br\/index.php\/servicos\/#breadcrumb","itemListElement":[{"@type":"ListItem","position":1,"name":"In\u00edcio","item":"https:\/\/www.sapo.com.br\/"},{"@type":"ListItem","position":2,"name":"Servi\u00e7os"}]},{"@type":"WebSite","@id":"https:\/\/www.sapo.com.br\/#website","url":"https:\/\/www.sapo.com.br\/","name":"SAPO","description":"Saneamento Ambiental Projetos e Opera\u00e7\u00f5es Ltda.","publisher":{"@id":"https:\/\/www.sapo.com.br\/#organization"},"potentialAction":[{"@type":"SearchAction","target":{"@type":"EntryPoint","urlTemplate":"https:\/\/www.sapo.com.br\/?s={search_term_string}"},"query-input":{"@type":"PropertyValueSpecification","valueRequired":true,"valueName":"search_term_string"}}],"inLanguage":"pt-BR"},{"@type":"Organization","@id":"https:\/\/www.sapo.com.br\/#organization","name":"SAPO","url":"https:\/\/www.sapo.com.br\/","logo":{"@type":"ImageObject","inLanguage":"pt-BR","@id":"https:\/\/www.sapo.com.br\/#\/schema\/logo\/image\/","url":"https:\/\/i0.wp.com\/www.sapo.com.br\/wp-content\/uploads\/2021\/06\/Logo_Sapo_Horizontal.png?fit=583%2C283&ssl=1","contentUrl":"https:\/\/i0.wp.com\/www.sapo.com.br\/wp-content\/uploads\/2021\/06\/Logo_Sapo_Horizontal.png?fit=583%2C283&ssl=1","width":583,"height":283,"caption":"SAPO"},"image":{"@id":"https:\/\/www.sapo.com.br\/#\/schema\/logo\/image\/"}}]}},"jetpack_sharing_enabled":true,"_links":{"self":[{"href":"https:\/\/www.sapo.com.br\/index.php\/wp-json\/wp\/v2\/pages\/444","targetHints":{"allow":["GET"]}}],"collection":[{"href":"https:\/\/www.sapo.com.br\/index.php\/wp-json\/wp\/v2\/pages"}],"about":[{"href":"https:\/\/www.sapo.com.br\/index.php\/wp-json\/wp\/v2\/types\/page"}],"author":[{"embeddable":true,"href":"https:\/\/www.sapo.com.br\/index.php\/wp-json\/wp\/v2\/users\/1"}],"replies":[{"embeddable":true,"href":"https:\/\/www.sapo.com.br\/index.php\/wp-json\/wp\/v2\/comments?post=444"}],"version-history":[{"count":64,"href":"https:\/\/www.sapo.com.br\/index.php\/wp-json\/wp\/v2\/pages\/444\/revisions"}],"predecessor-version":[{"id":2041,"href":"https:\/\/www.sapo.com.br\/index.php\/wp-json\/wp\/v2\/pages\/444\/revisions\/2041"}],"wp:attachment":[{"href":"https:\/\/www.sapo.com.br\/index.php\/wp-json\/wp\/v2\/media?parent=444"}],"curies":[{"name":"wp","href":"https:\/\/api.w.org\/{rel}","templated":true}]}}